{"id":230588,"date":"2025-04-04T10:21:47","date_gmt":"2025-04-04T08:21:47","guid":{"rendered":"https:\/\/ms-inspections.cz\/acknowledgements\/"},"modified":"2025-04-04T10:21:47","modified_gmt":"2025-04-04T08:21:47","slug":"acknowledgements","status":"publish","type":"page","link":"https:\/\/ms-inspections.cz\/en\/acknowledgements\/","title":{"rendered":"Acknowledgements"},"content":{"rendered":"<p>[et_pb_section fb_built=&#8221;1&#8243; theme_builder_area=&#8221;post_content&#8221; _builder_version=&#8221;4.27.4&#8243; _module_preset=&#8221;default&#8221; custom_padding=&#8221;180px||180px||true|false&#8221; hover_enabled=&#8221;0&#8243; sticky_enabled=&#8221;0&#8243; da_is_popup=&#8221;off&#8221; da_exit_intent=&#8221;off&#8221; da_has_close=&#8221;on&#8221; da_alt_close=&#8221;off&#8221; da_dark_close=&#8221;off&#8221; da_not_modal=&#8221;on&#8221; da_is_singular=&#8221;off&#8221; da_with_loader=&#8221;off&#8221; da_has_shadow=&#8221;on&#8221; da_disable_devices=&#8221;off|off|off&#8221;][et_pb_row _builder_version=&#8221;4.27.4&#8243; _module_preset=&#8221;default&#8221; theme_builder_area=&#8221;post_content&#8221;][et_pb_column _builder_version=&#8221;4.27.4&#8243; _module_preset=&#8221;default&#8221; type=&#8221;4_4&#8243; theme_builder_area=&#8221;post_content&#8221;][et_pb_text _builder_version=&#8221;4.27.4&#8243; _module_preset=&#8221;default&#8221; theme_builder_area=&#8221;post_content&#8221; hover_enabled=&#8221;0&#8243; sticky_enabled=&#8221;0&#8243;]<\/p>\n<h1 class=\"et_pb_module_heading\" style=\"text-align: center;\">Thank you for contacting us<\/h1>\n<p>[\/et_pb_text][et_pb_button button_text=&#8221;Zp\u011b\u0165 na \u00favod&#8221; button_alignment=&#8221;center&#8221; button_alignment_tablet=&#8221;right&#8221; button_alignment_phone=&#8221;center&#8221; button_alignment_last_edited=&#8221;on|tablet&#8221; _builder_version=&#8221;4.27.4&#8243; _module_preset=&#8221;default&#8221; custom_button=&#8221;on&#8221; button_text_size=&#8221;15px&#8221; button_text_color=&#8221;#FFFFFF&#8221; button_bg_use_color_gradient=&#8221;on&#8221; button_bg_color_gradient_direction=&#8221;91deg&#8221; button_bg_color_gradient_stops=&#8221;#3e357c 15%|#36a9e1 100%&#8221; button_border_width=&#8221;0px&#8221; button_border_radius=&#8221;29px&#8221; button_font=&#8221;Aleo|600|||||||&#8221; custom_margin=&#8221;20px||||false|false&#8221; custom_margin_tablet=&#8221;16px||||false|false&#8221; custom_margin_phone=&#8221;0px||||false|false&#8221; custom_margin_last_edited=&#8221;on|phone&#8221; custom_padding=&#8221;8px|40px|8px|40px|true|true&#8221; hover_enabled=&#8221;0&#8243; global_colors_info=&#8221;{}&#8221; button_bg_color__hover_enabled=&#8221;on|hover&#8221; button_bg_color_gradient_stops__hover=&#8221;#3e357c 10%|#36a9e1 80%&#8221; button_bg_use_color_gradient__hover=&#8221;on&#8221; theme_builder_area=&#8221;post_content&#8221; sticky_enabled=&#8221;0&#8243; button_url=&#8221;https:\/\/ms-inspections.cz\/&#8221; button_use_icon=&#8221;off&#8221;][\/et_pb_button][\/et_pb_column][\/et_pb_row][\/et_pb_section]<\/p>\n","protected":false},"excerpt":{"rendered":"<p>Thank you for contacting us<\/p>\n","protected":false},"author":1,"featured_media":0,"parent":0,"menu_order":0,"comment_status":"closed","ping_status":"closed","template":"","meta":{"_et_pb_use_builder":"on","_et_pb_old_content":"","_et_gb_content_width":"","footnotes":""},"dipi_cpt_category":[],"class_list":["post-230588","page","type-page","status-publish","hentry"],"aioseo_notices":[],"_links":{"self":[{"href":"https:\/\/ms-inspections.cz\/en\/wp-json\/wp\/v2\/pages\/230588","targetHints":{"allow":["GET"]}}],"collection":[{"href":"https:\/\/ms-inspections.cz\/en\/wp-json\/wp\/v2\/pages"}],"about":[{"href":"https:\/\/ms-inspections.cz\/en\/wp-json\/wp\/v2\/types\/page"}],"author":[{"embeddable":true,"href":"https:\/\/ms-inspections.cz\/en\/wp-json\/wp\/v2\/users\/1"}],"replies":[{"embeddable":true,"href":"https:\/\/ms-inspections.cz\/en\/wp-json\/wp\/v2\/comments?post=230588"}],"version-history":[{"count":0,"href":"https:\/\/ms-inspections.cz\/en\/wp-json\/wp\/v2\/pages\/230588\/revisions"}],"wp:attachment":[{"href":"https:\/\/ms-inspections.cz\/en\/wp-json\/wp\/v2\/media?parent=230588"}],"wp:term":[{"taxonomy":"dipi_cpt_category","embeddable":true,"href":"https:\/\/ms-inspections.cz\/en\/wp-json\/wp\/v2\/dipi_cpt_category?post=230588"}],"curies":[{"name":"wp","href":"https:\/\/api.w.org\/{rel}","templated":true}]}}