{"id":230597,"date":"2020-10-23T13:48:01","date_gmt":"2020-10-23T11:48:01","guid":{"rendered":"https:\/\/ms-inspections.cz\/contact\/"},"modified":"2025-05-26T14:42:33","modified_gmt":"2025-05-26T12:42:33","slug":"contact","status":"publish","type":"page","link":"https:\/\/ms-inspections.cz\/en\/contact\/","title":{"rendered":"Contact"},"content":{"rendered":"<p>[et_pb_section fb_built=&#8221;1&#8243; custom_padding_last_edited=&#8221;on|phone&#8221; admin_label=&#8221;section&#8221; _builder_version=&#8221;4.27.4&#8243; background_color=&#8221;rgba(57,57,57,0.85)&#8221; background_image=&#8221;https:\/\/ms-inspections.cz\/wp-content\/uploads\/2025\/03\/Backrounf-foto_2.jpg&#8221; background_blend=&#8221;multiply&#8221; custom_padding=&#8221;120px||240px||false|false&#8221; custom_padding_tablet=&#8221;120px||240px||false|false&#8221; custom_padding_phone=&#8221;120px||120px||false|false&#8221; da_disable_devices=&#8221;off|off|off&#8221; global_colors_info=&#8221;{}&#8221; da_is_popup=&#8221;off&#8221; da_exit_intent=&#8221;off&#8221; da_has_close=&#8221;on&#8221; da_alt_close=&#8221;off&#8221; da_dark_close=&#8221;off&#8221; da_not_modal=&#8221;on&#8221; da_is_singular=&#8221;off&#8221; da_with_loader=&#8221;off&#8221; da_has_shadow=&#8221;on&#8221;][et_pb_row custom_padding_last_edited=&#8221;on|phone&#8221; _builder_version=&#8221;4.27.4&#8243; _module_preset=&#8221;default&#8221; custom_padding=&#8221;||80px||false|false&#8221; custom_padding_tablet=&#8221;||80px||false|false&#8221; custom_padding_phone=&#8221;||0px||false|false&#8221; scroll_vertical_motion_enable=&#8221;on&#8221; scroll_vertical_motion=&#8221;0|90|90|100|0|0|0.5&#8243; scroll_fade_enable=&#8221;on&#8221; scroll_fade=&#8221;0|90|90|100|100%|100%|0%&#8221; global_colors_info=&#8221;{}&#8221;][et_pb_column type=&#8221;4_4&#8243; _builder_version=&#8221;4.16&#8243; _module_preset=&#8221;default&#8221; global_colors_info=&#8221;{}&#8221;][et_pb_text _builder_version=&#8221;4.27.4&#8243; _module_preset=&#8221;default&#8221; header_text_align=&#8221;center&#8221; header_text_color=&#8221;#ffffff&#8221; header_font_size=&#8221;60px&#8221; custom_margin=&#8221;||10px||false|false&#8221; custom_margin_tablet=&#8221;||10px||false|false&#8221; custom_margin_phone=&#8221;75px||10px||false|false&#8221; custom_margin_last_edited=&#8221;on|phone&#8221; header_font_size_tablet=&#8221;50px&#8221; header_font_size_phone=&#8221;40px&#8221; header_font_size_last_edited=&#8221;on|desktop&#8221; global_colors_info=&#8221;{}&#8221;]<\/p>\n<h1>Contact<\/h1>\n<p>[\/et_pb_text][dipi_breadcrumbs bc_home_icon=&#8221;off&#8221; bc_separator_icon=&#8221;&#x24;||divi||400&#8243; bc_separator_color=&#8221;#ffffff&#8221; bc_item_bg_color=&#8221;rgba(0,0,0,0)&#8221; bc_active_item_color=&#8221;rgba(0,0,0,0)&#8221; bc_hover_item_bg_color=&#8221;rgba(0,0,0,0)&#8221; _builder_version=&#8221;4.16&#8243; _module_preset=&#8221;default&#8221; items_text_color=&#8221;rgba(255,255,255,0.6)&#8221; hover_text_color=&#8221;#ffffff&#8221; active_text_color=&#8221;#ffffff&#8221; module_alignment=&#8221;center&#8221; items_text_shadow_style=&#8221;preset1&#8243; global_colors_info=&#8221;{}&#8221;][\/dipi_breadcrumbs][\/et_pb_column][\/et_pb_row][\/et_pb_section][et_pb_section fb_built=&#8221;1&#8243; disabled_on=&#8221;on|on|off&#8221; _builder_version=&#8221;4.27.4&#8243; _module_preset=&#8221;default&#8221; background_color=&#8221;#f2f3f3&#8243; background_enable_image=&#8221;off&#8221; background_size=&#8221;initial&#8221; background_position=&#8221;top_left&#8221; custom_padding=&#8221;2px|||||&#8221; da_disable_devices=&#8221;off|off|off&#8221; global_colors_info=&#8221;{}&#8221; da_is_popup=&#8221;off&#8221; da_exit_intent=&#8221;off&#8221; da_has_close=&#8221;on&#8221; da_alt_close=&#8221;off&#8221; da_dark_close=&#8221;off&#8221; da_not_modal=&#8221;on&#8221; da_is_singular=&#8221;off&#8221; da_with_loader=&#8221;off&#8221; da_has_shadow=&#8221;on&#8221;][et_pb_row column_structure=&#8221;3_5,2_5&#8243; custom_padding_last_edited=&#8221;on|phone&#8221; _builder_version=&#8221;4.27.4&#8243; _module_preset=&#8221;default&#8221; background_color=&#8221;#ffffff&#8221; width_tablet=&#8221;90%&#8221; width_phone=&#8221;100%&#8221; width_last_edited=&#8221;on|phone&#8221; custom_margin=&#8221;-200px||||false|false&#8221; custom_padding=&#8221;0px||0px||false|false&#8221; custom_padding_tablet=&#8221;60px||0px||false|false&#8221; custom_padding_phone=&#8221;&#8221; animation_style=&#8221;slide&#8221; animation_direction=&#8221;bottom&#8221; animation_duration=&#8221;2000ms&#8221; animation_delay=&#8221;200ms&#8221; animation_intensity_slide=&#8221;2%&#8221; animation_starting_opacity=&#8221;100%&#8221; box_shadow_style=&#8221;preset1&#8243; box_shadow_blur=&#8221;50px&#8221; box_shadow_color=&#8221;rgba(11,33,84,0.09)&#8221; global_colors_info=&#8221;{}&#8221;][et_pb_column type=&#8221;3_5&#8243; _builder_version=&#8221;4.16&#8243; _module_preset=&#8221;default&#8221; custom_padding=&#8221;60px|40px|60px|80px|false|false&#8221; global_colors_info=&#8221;{}&#8221;][et_pb_code _builder_version=&#8221;4.27.4&#8243; _module_preset=&#8221;default&#8221; hover_enabled=&#8221;0&#8243; global_colors_info=&#8221;{}&#8221; sticky_enabled=&#8221;0&#8243;]<\/p>\n<div data-tf-live=\"01JW69S06BKKWQ4BJ7SGTX1CRP\"><\/div>\n<p><script src=\"\/\/embed.typeform.com\/next\/embed.js\"><\/script>[\/et_pb_code][\/et_pb_column][et_pb_column type=&#8221;2_5&#8243; _builder_version=&#8221;4.27.4&#8243; _module_preset=&#8221;default&#8221; background_enable_color=&#8221;off&#8221; custom_padding=&#8221;60px|40px|60px|80px|false|false&#8221; global_colors_info=&#8221;{}&#8221;][et_pb_text _builder_version=&#8221;4.27.4&#8243; _module_preset=&#8221;default&#8221; text_font=&#8221;|700|||||||&#8221; text_text_color=&#8221;#0B2154&#8243; custom_margin=&#8221;||10px||false|false&#8221; global_colors_info=&#8221;{}&#8221;]<\/p>\n<p>Address<\/p>\n<p>[\/et_pb_text][et_pb_blurb use_icon=&#8221;on&#8221; font_icon=&#8221;&#xe01d;||divi||400&#8243; icon_color=&#8221;#f2f3f3&#8243; image_icon_background_color=&#8221;#379ed8&#8243; icon_placement=&#8221;left&#8221; image_icon_width=&#8221;14px&#8221; _builder_version=&#8221;4.27.4&#8243; _module_preset=&#8221;default&#8221; header_font_size=&#8221;16px&#8221; header_line_height=&#8221;2em&#8221; body_font_size=&#8221;16px&#8221; body_line_height=&#8221;1.5em&#8221; image_icon_custom_padding=&#8221;8px|8px|8px|8px|false|false&#8221; custom_margin=&#8221;||||false|false&#8221; border_radii_image=&#8221;on|100%|100%|100%|100%&#8221; icon_font_size=&#8221;14px&#8221; use_circle=&#8221;on&#8221; global_colors_info=&#8221;{}&#8221; image_icon_background_color__sticky_enabled=&#8221;#3e357c&#8221; image_icon_background_color__sticky=&#8221;#3e357c&#8221;]<\/p>\n<p>MS-Inspections s.r.o.<br \/>R\u016f\u017eov\u00e1 1907\/2a, Hlu\u010d\u00edn<\/p>\n<div dir=\"auto\">Comp no. : 17627877<\/div>\n<div dir=\"auto\">Vat No.: CZ17627877 <\/div>\n<p>[\/et_pb_blurb][et_pb_blurb use_icon=&#8221;on&#8221; font_icon=&#8221;&#xf007;||fa||900&#8243; icon_color=&#8221;#f2f3f3&#8243; image_icon_background_color=&#8221;#379ed8&#8243; icon_placement=&#8221;left&#8221; image_icon_width=&#8221;14px&#8221; _builder_version=&#8221;4.27.4&#8243; _module_preset=&#8221;default&#8221; header_font_size=&#8221;16px&#8221; header_line_height=&#8221;2em&#8221; body_font_size=&#8221;16px&#8221; body_line_height=&#8221;1.5em&#8221; image_icon_custom_padding=&#8221;8px|8px|8px|8px|false|false&#8221; custom_margin=&#8221;||0px||false|false&#8221; border_radii_image=&#8221;on|100%|100%|100%|100%&#8221; icon_font_size=&#8221;14px&#8221; use_circle=&#8221;on&#8221; global_colors_info=&#8221;{}&#8221; image_icon_background_color__sticky_enabled=&#8221;#3e357c&#8221; image_icon_background_color__sticky=&#8221;#3e357c&#8221;]<\/p>\n<div dir=\"auto\"><b>CEO &#8211; Marek Soukal<\/b><\/div>\n<div dir=\"auto\"><b>Mob &#8211; +420727819301<\/b><\/div>\n<div dir=\"auto\"><strong>Email:<\/strong> <span class=\"im\"><b><a href=\"mailto:ms@ms-inspections.cz\" target=\"_blank\" rel=\"noopener\">ms@ms-inspections.cz<\/a><\/b><\/span><\/div>\n<p>[\/et_pb_blurb][\/et_pb_column][\/et_pb_row][\/et_pb_section][et_pb_section fb_built=&#8221;1&#8243; disabled_on=&#8221;off|off|on&#8221; _builder_version=&#8221;4.27.4&#8243; _module_preset=&#8221;default&#8221; custom_padding=&#8221;0px||24px|||&#8221; da_disable_devices=&#8221;off|off|off&#8221; global_colors_info=&#8221;{}&#8221; da_is_popup=&#8221;off&#8221; da_exit_intent=&#8221;off&#8221; da_has_close=&#8221;on&#8221; da_alt_close=&#8221;off&#8221; da_dark_close=&#8221;off&#8221; da_not_modal=&#8221;on&#8221; da_is_singular=&#8221;off&#8221; da_with_loader=&#8221;off&#8221; da_has_shadow=&#8221;on&#8221;][et_pb_row _builder_version=&#8221;4.27.4&#8243; _module_preset=&#8221;default&#8221; width=&#8221;90%&#8221; global_colors_info=&#8221;{}&#8221;][et_pb_column type=&#8221;4_4&#8243; _builder_version=&#8221;4.27.4&#8243; _module_preset=&#8221;default&#8221; global_colors_info=&#8221;{}&#8221;][et_pb_text _builder_version=&#8221;4.27.4&#8243; _module_preset=&#8221;default&#8221; text_font=&#8221;|700|||||||&#8221; text_text_color=&#8221;#0B2154&#8243; custom_margin=&#8221;||10px||false|false&#8221; global_colors_info=&#8221;{}&#8221;]<\/p>\n<p>Address<\/p>\n<p>[\/et_pb_text][et_pb_blurb use_icon=&#8221;on&#8221; font_icon=&#8221;&#xe01d;||divi||400&#8243; icon_color=&#8221;#f2f3f3&#8243; image_icon_background_color=&#8221;#379ed8&#8243; icon_placement=&#8221;left&#8221; image_icon_width=&#8221;14px&#8221; _builder_version=&#8221;4.27.4&#8243; _module_preset=&#8221;default&#8221; header_font_size=&#8221;16px&#8221; header_line_height=&#8221;2em&#8221; body_font_size=&#8221;16px&#8221; body_line_height=&#8221;1.5em&#8221; image_icon_custom_padding=&#8221;8px|8px|8px|8px|false|false&#8221; custom_margin=&#8221;||||false|false&#8221; border_radii_image=&#8221;on|100%|100%|100%|100%&#8221; icon_font_size=&#8221;14px&#8221; use_circle=&#8221;on&#8221; global_colors_info=&#8221;{}&#8221; image_icon_background_color__sticky_enabled=&#8221;#3e357c&#8221; image_icon_background_color__sticky=&#8221;#3e357c&#8221;]<\/p>\n<p>MS-Inspections s.r.o.<br \/>R\u016f\u017eov\u00e1 1907\/2a, Hlu\u010d\u00edn<\/p>\n<div dir=\"auto\">Comp no. : 17627877<\/div>\n<div dir=\"auto\">Vat No.: CZ17627877 <\/div>\n<p>[\/et_pb_blurb][et_pb_blurb use_icon=&#8221;on&#8221; font_icon=&#8221;&#xf007;||fa||900&#8243; icon_color=&#8221;#f2f3f3&#8243; image_icon_background_color=&#8221;#379ed8&#8243; icon_placement=&#8221;left&#8221; image_icon_width=&#8221;14px&#8221; _builder_version=&#8221;4.27.4&#8243; _module_preset=&#8221;default&#8221; header_font_size=&#8221;16px&#8221; header_line_height=&#8221;2em&#8221; body_font_size=&#8221;16px&#8221; body_line_height=&#8221;1.5em&#8221; image_icon_custom_padding=&#8221;8px|8px|8px|8px|false|false&#8221; custom_margin=&#8221;||33px||false|false&#8221; border_radii_image=&#8221;on|100%|100%|100%|100%&#8221; icon_font_size=&#8221;14px&#8221; use_circle=&#8221;on&#8221; global_colors_info=&#8221;{}&#8221; image_icon_background_color__sticky_enabled=&#8221;#3e357c&#8221; image_icon_background_color__sticky=&#8221;#3e357c&#8221;]<\/p>\n<div dir=\"auto\"><b>CEO &#8211; Marek Soukal<\/b><\/div>\n<div dir=\"auto\"><b>Mob &#8211; +420727819301<\/b><\/div>\n<div dir=\"auto\"><strong>Email:<\/strong> <span class=\"im\"><b><a href=\"mailto:ms@ms-inspections.cz\" target=\"_blank\" rel=\"noopener\">ms@ms-inspections.cz<\/a><\/b><\/span><\/div>\n<p>[\/et_pb_blurb][et_pb_code _builder_version=&#8221;4.27.4&#8243; _module_preset=&#8221;default&#8221; global_colors_info=&#8221;{}&#8221;]<\/p>\n<div data-tf-live=\"01JQZY4CQAMGKMCGA209S5N87K\"><\/div>\n<p><script src=\"\/\/embed.typeform.com\/next\/embed.js\"><\/script>[\/et_pb_code][\/et_pb_column][\/et_pb_row][\/et_pb_section][et_pb_section fb_built=&#8221;1&#8243; custom_padding_last_edited=&#8221;on|phone&#8221; _builder_version=&#8221;4.27.4&#8243; _module_preset=&#8221;default&#8221; background_color=&#8221;#f2f3f3&#8243; custom_padding=&#8221;0px||50px||false|false&#8221; custom_padding_tablet=&#8221;0px||50px||false|false&#8221; custom_padding_phone=&#8221;50px||50px||false|false&#8221; da_disable_devices=&#8221;off|off|off&#8221; global_colors_info=&#8221;{}&#8221; da_is_popup=&#8221;off&#8221; da_exit_intent=&#8221;off&#8221; da_has_close=&#8221;on&#8221; da_alt_close=&#8221;off&#8221; da_dark_close=&#8221;off&#8221; da_not_modal=&#8221;on&#8221; da_is_singular=&#8221;off&#8221; da_with_loader=&#8221;off&#8221; da_has_shadow=&#8221;on&#8221;][et_pb_row _builder_version=&#8221;4.27.4&#8243; _module_preset=&#8221;default&#8221; width=&#8221;90%&#8221; custom_margin_tablet=&#8221;&#8221; custom_margin_phone=&#8221;||||false|false&#8221; custom_margin_last_edited=&#8221;on|phone&#8221; custom_padding=&#8221;0px||0px||false|false&#8221; border_width_all=&#8221;4px&#8221; border_color_all=&#8221;#ffffff&#8221; box_shadow_style=&#8221;preset1&#8243; box_shadow_blur=&#8221;53px&#8221; box_shadow_color=&#8221;rgba(11,33,84,0.11)&#8221; global_colors_info=&#8221;{}&#8221;][et_pb_column type=&#8221;4_4&#8243; _builder_version=&#8221;4.16&#8243; _module_preset=&#8221;default&#8221; global_colors_info=&#8221;{}&#8221;][et_pb_code _builder_version=&#8221;4.27.4&#8243; _module_preset=&#8221;default&#8221; custom_margin_tablet=&#8221;&#8221; custom_margin_phone=&#8221;||||false|false&#8221; custom_margin_last_edited=&#8221;on|phone&#8221; custom_padding_tablet=&#8221;&#8221; custom_padding_phone=&#8221;||||false|false&#8221; custom_padding_last_edited=&#8221;on|phone&#8221; global_colors_info=&#8221;{}&#8221;]<iframe src=\"https:\/\/www.google.com\/maps\/embed?pb=!1m18!1m12!1m3!1d2570.2159685900624!2d18.18179677626194!3d49.89474857149133!2m3!1f0!2f0!3f0!3m2!1i1024!2i768!4f13.1!3m3!1m2!1s0x4713e1c2f759b7c1%3A0xe83c69dab989808d!2zMmEsIFLFr8W-b3bDoSAxOTA3LzJBLCA3NDggMDEgSGx1xI3DrW4!5e0!3m2!1scs!2scz!4v1747324662519!5m2!1scs!2scz\" width=\"100%\" height=\"450\" style=\"border:0;\" allowfullscreen=\"\" loading=\"lazy\" referrerpolicy=\"no-referrer-when-downgrade\"><\/iframe>[\/et_pb_code][\/et_pb_column][\/et_pb_row][\/et_pb_section]<\/p>\n","protected":false},"excerpt":{"rendered":"<p>Contact<div class=\"et_pb_module dipi_breadcrumbs dipi_breadcrumbs_0\">\n\t\t\t\t\n\t\t\t\t\n\t\t\t\t\n\t\t\t\t\n\t\t\t\t\n\t\t\t\t\n\t\t\t\t<div class=\"et_pb_module_inner\">\n\t\t\t\t\t<div class=\"dipi-breadcrumbs dipi-bc-left\">\n                <ul >\n                    \n                                                        <li  class=\"dipi-breadcrumb-item dipi-breadcrumb-home\">\n\n                                                    <a  href=\"https:\/\/ms-inspections.cz\/en\/\">\n                                <span  content=\"Home\">\n                                                                        ms-inspections.cz                                <\/span>\n                            <\/a>\n\n                                                <meta itemprop=\"position\" content=\"1\"\/>                    <\/li>\n\n                    <li class=\"dipi-breadcrumb-separator\">\n                    <span class=\"et-pb-icon dipi-separator-icon\">&#x24;<\/span>\n                <\/li>                            \n                <\/ul>\n            <\/div>\n\t\t\t\t<\/div>\n\t\t\t<\/div>AddressMS-Inspections s.r.o.R\u016f\u017eov\u00e1 1907\/2a, Hlu\u010d\u00edn Comp no. : 17627877 Vat No.: CZ17627877 CEO &#8211; Marek Soukal Mob &#8211; +420727819301 Email: ms@ms-inspections.czAddressMS-Inspections s.r.o.R\u016f\u017eov\u00e1 1907\/2a, Hlu\u010d\u00edn Comp no. : 17627877 Vat No.: CZ17627877 CEO &#8211; Marek Soukal Mob &#8211; +420727819301 Email: ms@ms-inspections.cz<\/p>\n","protected":false},"author":1,"featured_media":0,"parent":0,"menu_order":0,"comment_status":"closed","ping_status":"closed","template":"","meta":{"_et_pb_use_builder":"on","_et_pb_old_content":"","_et_gb_content_width":"","footnotes":""},"dipi_cpt_category":[],"class_list":["post-230597","page","type-page","status-publish","hentry"],"aioseo_notices":[],"_links":{"self":[{"href":"https:\/\/ms-inspections.cz\/en\/wp-json\/wp\/v2\/pages\/230597","targetHints":{"allow":["GET"]}}],"collection":[{"href":"https:\/\/ms-inspections.cz\/en\/wp-json\/wp\/v2\/pages"}],"about":[{"href":"https:\/\/ms-inspections.cz\/en\/wp-json\/wp\/v2\/types\/page"}],"author":[{"embeddable":true,"href":"https:\/\/ms-inspections.cz\/en\/wp-json\/wp\/v2\/users\/1"}],"replies":[{"embeddable":true,"href":"https:\/\/ms-inspections.cz\/en\/wp-json\/wp\/v2\/comments?post=230597"}],"version-history":[{"count":2,"href":"https:\/\/ms-inspections.cz\/en\/wp-json\/wp\/v2\/pages\/230597\/revisions"}],"predecessor-version":[{"id":230627,"href":"https:\/\/ms-inspections.cz\/en\/wp-json\/wp\/v2\/pages\/230597\/revisions\/230627"}],"wp:attachment":[{"href":"https:\/\/ms-inspections.cz\/en\/wp-json\/wp\/v2\/media?parent=230597"}],"wp:term":[{"taxonomy":"dipi_cpt_category","embeddable":true,"href":"https:\/\/ms-inspections.cz\/en\/wp-json\/wp\/v2\/dipi_cpt_category?post=230597"}],"curies":[{"name":"wp","href":"https:\/\/api.w.org\/{rel}","templated":true}]}}